{"id":2589,"date":"2024-07-17T08:12:24","date_gmt":"2024-07-17T08:12:24","guid":{"rendered":"https:\/\/zentrum.qodeinteractive.com\/?page_id=2589"},"modified":"2025-05-31T11:10:44","modified_gmt":"2025-05-31T10:10:44","slug":"contact-us","status":"publish","type":"page","link":"https:\/\/epidamnconstruction.com\/sq\/contact-us\/","title":{"rendered":"Na kontaktoni"},"content":{"rendered":"<div data-elementor-type=\"wp-page\" data-elementor-id=\"2589\" class=\"elementor elementor-2589\" data-elementor-post-type=\"page\">\n\t\t\t\t<div class=\"elementor-element elementor-element-f82789a e-con-full e-flex e-con e-parent\" data-id=\"f82789a\" data-element_type=\"container\" data-e-type=\"container\">\n\t\t<div class=\"elementor-element elementor-element-9a757a0 e-con-full e-flex e-con e-child\" data-id=\"9a757a0\" data-element_type=\"container\" data-e-type=\"container\">\n\t\t\t\t<div class=\"elementor-element elementor-element-bb53eec elementor-widget elementor-widget-google_maps\" data-id=\"bb53eec\" data-element_type=\"widget\" data-e-type=\"widget\" data-widget_type=\"google_maps.default\">\n\t\t\t\t<div class=\"elementor-widget-container\">\n\t\t\t\t\t\t\t<div class=\"elementor-custom-embed\">\n\t\t\t<iframe loading=\"lazy\"\n\t\t\t\t\tsrc=\"https:\/\/www.google.com\/maps\/embed\/v1\/place?key=AIzaSyAYTpGZMdbqcPyXl-19b1tfAVpz1D86MDk&#038;q=41%C2%B014%2742.3%22N%2019%C2%B031%2718.9%22E&#038;zoom=15\"\n\t\t\t\t\ttitle=\"41\u00b014&#039;42.3&quot;V 19\u00b031&#039;18.9&quot;L\"\n\t\t\t\t\taria-label=\"41\u00b014&#039;42.3&quot;V 19\u00b031&#039;18.9&quot;L\"\n\t\t\t><\/iframe>\n\t\t<\/div>\n\t\t\t\t\t\t<\/div>\n\t\t\t\t<\/div>\n\t\t\t\t<\/div>\n\t\t<div class=\"elementor-element elementor-element-37041a1 e-con-full e-flex e-con e-child\" data-id=\"37041a1\" data-element_type=\"container\" data-e-type=\"container\">\n\t\t<div class=\"elementor-element elementor-element-dbe4033 e-con-full e-flex e-con e-child\" data-id=\"dbe4033\" data-element_type=\"container\" data-e-type=\"container\">\n\t\t<div class=\"elementor-element elementor-element-287bf10 e-con-full e-flex e-con e-child\" data-id=\"287bf10\" data-element_type=\"container\" data-e-type=\"container\">\n\t\t\t\t<div class=\"elementor-element elementor-element-d8c0965 elementor-widget elementor-widget-zentrum_core_section_title\" data-id=\"d8c0965\" data-element_type=\"widget\" data-e-type=\"widget\" data-widget_type=\"zentrum_core_section_title.default\">\n\t\t\t\t<div class=\"elementor-widget-container\">\n\t\t\t\t\t<div class=\"qodef-shortcode qodef-m  qodef-section-title qodef-alignment--left\">\n    \t\t<h1 class=\"qodef-m-title\" >\n\t\t\t\t\tNa kontaktoni\t\t\t<\/h1>\n\t<\/div>\n\t\t\t\t<\/div>\n\t\t\t\t<\/div>\n\t\t\t\t<\/div>\n\t\t\t\t<div class=\"elementor-element elementor-element-840562e elementor-widget elementor-widget-text-editor\" data-id=\"840562e\" data-element_type=\"widget\" data-e-type=\"widget\" data-widget_type=\"text-editor.default\">\n\t\t\t\t<div class=\"elementor-widget-container\">\n\t\t\t\t\t\t\t\t\t<p>Email: <a href=\"mailto:info@epidamnconstruction.com\">info@epidamnconstruction.com<\/a><\/p><p>Whatsapp: <a class=\"qodef--hover-underline\" style=\"padding-bottom: 3px;\" href=\"https:\/\/wa.me\/355697567775\">+355697567775<\/a><\/p><p>Telefoni: <a class=\"qodef--hover-underline\" style=\"padding-bottom: 3px;\" href=\"tel:+355674097707\">+355674097707<\/a><\/p><p>Vendndodhja: <a href=\"https:\/\/maps.app.goo.gl\/oLLXCbsPbRbYdXLz7\">Golem, Shqip\u00ebri<\/a><\/p>\t\t\t\t\t\t\t\t<\/div>\n\t\t\t\t<\/div>\n\t\t\t\t<\/div>\n\t\t\t\t<\/div>\n\t\t\t\t<\/div>\n\t\t\t\t<\/div>","protected":false},"excerpt":{"rendered":"<p>Na kontaktoni Email: info@epidamnconstruction.com Whatsapp: +355697567775 Telefon: +355674097707 Vendndodhja: Golem, Shqip\u00ebri<\/p>","protected":false},"author":1,"featured_media":0,"parent":0,"menu_order":0,"comment_status":"closed","ping_status":"closed","template":"page-full-width.php","meta":{"footnotes":""},"class_list":["post-2589","page","type-page","status-publish","hentry"],"yoast_head":"<!-- This site is optimized with the Yoast SEO plugin v27.3 - https:\/\/yoast.com\/product\/yoast-seo-wordpress\/ -->\n<title>Contact us - HERA by Epidamn<\/title>\n<meta name=\"robots\" content=\"index, follow, max-snippet:-1, max-image-preview:large, max-video-preview:-1\" \/>\n<link rel=\"canonical\" href=\"https:\/\/epidamnconstruction.com\/sq\/contact-us\/\" \/>\n<meta property=\"og:locale\" content=\"sq_AL\" \/>\n<meta property=\"og:type\" content=\"article\" \/>\n<meta property=\"og:title\" content=\"Contact us - HERA by Epidamn\" \/>\n<meta property=\"og:description\" content=\"Contact us Email: info@epidamnconstruction.com Whatsapp: +355697567775 Phone: +355674097707 Location: Golem, Albania\" \/>\n<meta property=\"og:url\" content=\"https:\/\/epidamnconstruction.com\/sq\/contact-us\/\" \/>\n<meta property=\"og:site_name\" content=\"HERA by Epidamn\" \/>\n<meta property=\"article:modified_time\" content=\"2025-05-31T10:10:44+00:00\" \/>\n<meta name=\"twitter:card\" content=\"summary_large_image\" \/>\n<meta name=\"twitter:label1\" content=\"Est. reading time\" \/>\n\t<meta name=\"twitter:data1\" content=\"1 minut\u00eb\" \/>\n<script type=\"application\/ld+json\" class=\"yoast-schema-graph\">{\"@context\":\"https:\\\/\\\/schema.org\",\"@graph\":[{\"@type\":\"WebPage\",\"@id\":\"https:\\\/\\\/epidamnconstruction.com\\\/contact-us\\\/\",\"url\":\"https:\\\/\\\/epidamnconstruction.com\\\/contact-us\\\/\",\"name\":\"Contact us - HERA by Epidamn\",\"isPartOf\":{\"@id\":\"https:\\\/\\\/epidamnconstruction.com\\\/#website\"},\"datePublished\":\"2024-07-17T08:12:24+00:00\",\"dateModified\":\"2025-05-31T10:10:44+00:00\",\"breadcrumb\":{\"@id\":\"https:\\\/\\\/epidamnconstruction.com\\\/contact-us\\\/#breadcrumb\"},\"inLanguage\":\"sq\",\"potentialAction\":[{\"@type\":\"ReadAction\",\"target\":[\"https:\\\/\\\/epidamnconstruction.com\\\/contact-us\\\/\"]}]},{\"@type\":\"BreadcrumbList\",\"@id\":\"https:\\\/\\\/epidamnconstruction.com\\\/contact-us\\\/#breadcrumb\",\"itemListElement\":[{\"@type\":\"ListItem\",\"position\":1,\"name\":\"Home\",\"item\":\"https:\\\/\\\/epidamnconstruction.com\\\/\"},{\"@type\":\"ListItem\",\"position\":2,\"name\":\"Contact us\"}]},{\"@type\":\"WebSite\",\"@id\":\"https:\\\/\\\/epidamnconstruction.com\\\/#website\",\"url\":\"https:\\\/\\\/epidamnconstruction.com\\\/\",\"name\":\"HERA by Epidamn\",\"description\":\"Elevating Coastal Living with Elegance and Innovation\",\"publisher\":{\"@id\":\"https:\\\/\\\/epidamnconstruction.com\\\/#organization\"},\"potentialAction\":[{\"@type\":\"SearchAction\",\"target\":{\"@type\":\"EntryPoint\",\"urlTemplate\":\"https:\\\/\\\/epidamnconstruction.com\\\/?s={search_term_string}\"},\"query-input\":{\"@type\":\"PropertyValueSpecification\",\"valueRequired\":true,\"valueName\":\"search_term_string\"}}],\"inLanguage\":\"sq\"},{\"@type\":\"Organization\",\"@id\":\"https:\\\/\\\/epidamnconstruction.com\\\/#organization\",\"name\":\"HERA by Epidamn\",\"url\":\"https:\\\/\\\/epidamnconstruction.com\\\/\",\"logo\":{\"@type\":\"ImageObject\",\"inLanguage\":\"sq\",\"@id\":\"https:\\\/\\\/epidamnconstruction.com\\\/#\\\/schema\\\/logo\\\/image\\\/\",\"url\":\"https:\\\/\\\/epidamnconstruction.com\\\/wp-content\\\/uploads\\\/2025\\\/03\\\/1.png\",\"contentUrl\":\"https:\\\/\\\/epidamnconstruction.com\\\/wp-content\\\/uploads\\\/2025\\\/03\\\/1.png\",\"width\":1000,\"height\":500,\"caption\":\"HERA by Epidamn\"},\"image\":{\"@id\":\"https:\\\/\\\/epidamnconstruction.com\\\/#\\\/schema\\\/logo\\\/image\\\/\"}}]}<\/script>\n<!-- \/ Yoast SEO plugin. -->","yoast_head_json":{"title":"Na kontaktoni - HERA nga Epidamn","robots":{"index":"index","follow":"follow","max-snippet":"max-snippet:-1","max-image-preview":"max-image-preview:large","max-video-preview":"max-video-preview:-1"},"canonical":"https:\/\/epidamnconstruction.com\/sq\/contact-us\/","og_locale":"sq_AL","og_type":"article","og_title":"Contact us - HERA by Epidamn","og_description":"Contact us Email: info@epidamnconstruction.com Whatsapp: +355697567775 Phone: +355674097707 Location: Golem, Albania","og_url":"https:\/\/epidamnconstruction.com\/sq\/contact-us\/","og_site_name":"HERA by Epidamn","article_modified_time":"2025-05-31T10:10:44+00:00","twitter_card":"summary_large_image","twitter_misc":{"Est. reading time":"1 minut\u00eb"},"schema":{"@context":"https:\/\/schema.org","@graph":[{"@type":"WebPage","@id":"https:\/\/epidamnconstruction.com\/contact-us\/","url":"https:\/\/epidamnconstruction.com\/contact-us\/","name":"Na kontaktoni - HERA nga Epidamn","isPartOf":{"@id":"https:\/\/epidamnconstruction.com\/#website"},"datePublished":"2024-07-17T08:12:24+00:00","dateModified":"2025-05-31T10:10:44+00:00","breadcrumb":{"@id":"https:\/\/epidamnconstruction.com\/contact-us\/#breadcrumb"},"inLanguage":"sq","potentialAction":[{"@type":"ReadAction","target":["https:\/\/epidamnconstruction.com\/contact-us\/"]}]},{"@type":"BreadcrumbList","@id":"https:\/\/epidamnconstruction.com\/contact-us\/#breadcrumb","itemListElement":[{"@type":"ListItem","position":1,"name":"Home","item":"https:\/\/epidamnconstruction.com\/"},{"@type":"ListItem","position":2,"name":"Contact us"}]},{"@type":"WebSite","@id":"https:\/\/epidamnconstruction.com\/#website","url":"https:\/\/epidamnconstruction.com\/","name":"HERA nga Epidamn","description":"Ngritja e jetes\u00ebs n\u00eb bregdet me eleganc\u00eb dhe inovacion","publisher":{"@id":"https:\/\/epidamnconstruction.com\/#organization"},"potentialAction":[{"@type":"SearchAction","target":{"@type":"EntryPoint","urlTemplate":"https:\/\/epidamnconstruction.com\/?s={search_term_string}"},"query-input":{"@type":"PropertyValueSpecification","valueRequired":true,"valueName":"search_term_string"}}],"inLanguage":"sq"},{"@type":"Organization","@id":"https:\/\/epidamnconstruction.com\/#organization","name":"HERA nga Epidamn","url":"https:\/\/epidamnconstruction.com\/","logo":{"@type":"ImageObject","inLanguage":"sq","@id":"https:\/\/epidamnconstruction.com\/#\/schema\/logo\/image\/","url":"https:\/\/epidamnconstruction.com\/wp-content\/uploads\/2025\/03\/1.png","contentUrl":"https:\/\/epidamnconstruction.com\/wp-content\/uploads\/2025\/03\/1.png","width":1000,"height":500,"caption":"HERA by Epidamn"},"image":{"@id":"https:\/\/epidamnconstruction.com\/#\/schema\/logo\/image\/"}}]}},"_links":{"self":[{"href":"https:\/\/epidamnconstruction.com\/sq\/wp-json\/wp\/v2\/pages\/2589","targetHints":{"allow":["GET"]}}],"collection":[{"href":"https:\/\/epidamnconstruction.com\/sq\/wp-json\/wp\/v2\/pages"}],"about":[{"href":"https:\/\/epidamnconstruction.com\/sq\/wp-json\/wp\/v2\/types\/page"}],"author":[{"embeddable":true,"href":"https:\/\/epidamnconstruction.com\/sq\/wp-json\/wp\/v2\/users\/1"}],"replies":[{"embeddable":true,"href":"https:\/\/epidamnconstruction.com\/sq\/wp-json\/wp\/v2\/comments?post=2589"}],"version-history":[{"count":45,"href":"https:\/\/epidamnconstruction.com\/sq\/wp-json\/wp\/v2\/pages\/2589\/revisions"}],"predecessor-version":[{"id":9103,"href":"https:\/\/epidamnconstruction.com\/sq\/wp-json\/wp\/v2\/pages\/2589\/revisions\/9103"}],"wp:attachment":[{"href":"https:\/\/epidamnconstruction.com\/sq\/wp-json\/wp\/v2\/media?parent=2589"}],"curies":[{"name":"wp","href":"https:\/\/api.w.org\/{rel}","templated":true}]}}